{"id":13,"date":"2024-07-21T11:33:36","date_gmt":"2024-07-21T11:33:36","guid":{"rendered":"http:\/\/localhost\/chatgpt4\/?post_type=product&#038;p=13"},"modified":"2026-01-05T08:21:36","modified_gmt":"2026-01-05T01:21:36","slug":"dat-xe-truc-tuyen","status":"publish","type":"product","link":"https:\/\/thietkewebphumy.com\/demo\/?product=dat-xe-truc-tuyen","title":{"rendered":"Plugin \u0111\u1eb7t xe tr\u1ef1c tuy\u1ebfn"},"content":{"rendered":"<p>Plugin \u0111\u1eb7t xe tr\u1ef1c tuy\u1ebfn l\u00e0 1 plugin d\u00e0nh cho WP. Gi\u00fap kh\u00e1ch h\u00e0ng bi\u1ebft \u0111\u01b0\u1ee3c chi ph\u00ed tr\u1ef1c tuy\u1ebfn t\u1ea1i 1 l\u1ed9 tr\u00ecnh c\u1ed1 \u0111\u1ecbnh ho\u1eb7c xe \u0111i t\u1ec9nh t\u00ednh theo km<\/p>\n<div>\n<h3>Kh\u00e1m Ph\u00e1 Plugin \u0110\u1eb7t Xe Online: Gi\u1ea3i Ph\u00e1p Ho\u00e0n H\u1ea3o Cho Nhu C\u1ea7u Di Chuy\u1ec3n C\u1ee7a B\u1ea1n<\/h3>\n<p>N\u1ebfu b\u1ea1n \u0111ang t\u00ecm ki\u1ebfm m\u1ed9t gi\u1ea3i ph\u00e1p \u0111\u1eb7t xe \u0111\u01a1n gi\u1ea3n v\u00e0 hi\u1ec7u qu\u1ea3 cho doanh nghi\u1ec7p c\u1ee7a m\u00ecnh, th\u00ec Plugin \u0110\u1eb7t Xe Online ch\u00ednh l\u00e0 l\u1ef1a ch\u1ecdn l\u00fd t\u01b0\u1edfng. V\u1edbi nhi\u1ec1u t\u00ednh n\u0103ng n\u1ed5i b\u1eadt, plugin n\u00e0y s\u1ebd gi\u00fap b\u1ea1n v\u00e0 kh\u00e1ch h\u00e0ng c\u1ee7a m\u00ecnh c\u00f3 m\u1ed9t tr\u1ea3i nghi\u1ec7m \u0111\u1eb7t xe d\u1ec5 d\u00e0ng, nhanh ch\u00f3ng v\u00e0 ti\u1ec7n l\u1ee3i.<\/p>\n<h4><strong>T\u00ednh N\u0103ng N\u1ed5i B\u1eadt Ph\u1ea7n Frontend:<\/strong><\/h4>\n<ul>\n<li><strong>T\u00ednh To\u00e1n Ch\u00ednh X\u00e1c:<\/strong> Plugin t\u1ef1 \u0111\u1ed9ng t\u00ednh to\u00e1n qu\u00e3ng \u0111\u01b0\u1eddng, th\u1eddi gian di chuy\u1ec3n v\u00e0 chi ph\u00ed, gi\u00fap kh\u00e1ch h\u00e0ng n\u1eafm r\u00f5 th\u00f4ng tin ngay khi b\u1eaft \u0111\u1ea7u \u0111\u1eb7t xe. Kh\u00f4ng c\u1ea7n ph\u1ea3i lo l\u1eafng v\u1ec1 vi\u1ec7c \u01b0\u1edbc l\u01b0\u1ee3ng chi ph\u00ed hay th\u1eddi gian, m\u1ecdi th\u1ee9 \u0111\u1ec1u \u0111\u01b0\u1ee3c x\u1eed l\u00fd t\u1ef1 \u0111\u1ed9ng.<\/li>\n<li><strong>B\u1ea3n \u0110\u1ed3 T\u00edch H\u1ee3p:<\/strong> S\u1eed d\u1ee5ng b\u1ea3n \u0111\u1ed3 tr\u1ef1c quan \u0111\u1ec3 ch\u1ecdn \u0111\u1ecba \u0111i\u1ec3m m\u1ed9t c\u00e1ch ch\u00ednh x\u00e1c. Kh\u00e1ch h\u00e0ng c\u00f3 th\u1ec3 d\u1ec5 d\u00e0ng t\u00ecm ki\u1ebfm v\u00e0 ch\u1ecdn \u0111i\u1ec3m \u0111\u1ebfn, gi\u00fap gi\u1ea3m thi\u1ec3u s\u1ef1 nh\u1ea7m l\u1eabn v\u00e0 ti\u1ebft ki\u1ec7m th\u1eddi gian.<\/li>\n<li><strong>T\u00ecm Ki\u1ebfm \u0110\u1ecba Ch\u1ec9 Th\u00f4ng Minh:<\/strong> Khi g\u00f5 t\u1eeb kh\u00f3a, h\u1ec7 th\u1ed1ng s\u1ebd g\u1ee3i \u00fd \u0111\u1ecba ch\u1ec9 ch\u00ednh x\u00e1c, l\u00e0m cho vi\u1ec7c t\u00ecm ki\u1ebfm tr\u1edf n\u00ean d\u1ec5 d\u00e0ng v\u00e0 nhanh ch\u00f3ng h\u01a1n bao gi\u1edd h\u1ebft.<\/li>\n<li><strong>\u0110\u1ecbnh V\u1ecb V\u1ecb Tr\u00ed Hi\u1ec7n T\u1ea1i:<\/strong> Ch\u1ee9c n\u0103ng \u0111\u1ecbnh v\u1ecb cho ph\u00e9p t\u1ef1 \u0111\u1ed9ng \u0111i\u1ec1n \u0111\u1ecba ch\u1ec9 kh\u1edfi h\u00e0nh t\u1eeb v\u1ecb tr\u00ed hi\u1ec7n t\u1ea1i c\u1ee7a kh\u00e1ch h\u00e0ng, gi\u00fap qu\u00e1 tr\u00ecnh \u0111\u1eb7t xe tr\u1edf n\u00ean thu\u1eadn ti\u1ec7n v\u00e0 nhanh ch\u00f3ng h\u01a1n.<\/li>\n<li><strong>\u0110\u1ecba Ch\u1ec9 \u0110\u1ecbnh S\u1eb5n:<\/strong> H\u1ed7 tr\u1ee3 ch\u1ecdn t\u1eeb c\u00e1c \u0111\u1ecba ch\u1ec9 ph\u1ed5 bi\u1ebfn nh\u01b0 s\u00e2n bay, ga t\u00e0u, b\u1ec7nh vi\u1ec7n, \u0111\u1ecba \u0111i\u1ec3m du l\u1ecbch\u2026 gi\u00fap kh\u00e1ch h\u00e0ng nhanh ch\u00f3ng ch\u1ecdn \u0111i\u1ec3m \u0111\u1ebfn m\u00e0 kh\u00f4ng c\u1ea7n t\u00ecm ki\u1ebfm tr\u00ean b\u1ea3n \u0111\u1ed3.<\/li>\n<li><strong>T\u00f9y Ch\u1ecdn D\u1ecbch V\u1ee5 \u0110a D\u1ea1ng:<\/strong> Cho ph\u00e9p kh\u00e1ch h\u00e0ng ch\u1ecdn lo\u1ea1i xe, d\u1ecbch v\u1ee5 (1 chi\u1ec1u ho\u1eb7c 2 chi\u1ec1u), th\u1eddi gian ch\u1edd \u0111\u1ee3i v\u00e0 ng\u00e0y gi\u1edd \u0111\u00f3n kh\u00e1ch, \u0111\u1ea3m b\u1ea3o d\u1ecbch v\u1ee5 ph\u00f9 h\u1ee3p v\u1edbi nhu c\u1ea7u c\u1ee7a t\u1eebng c\u00e1 nh\u00e2n.<\/li>\n<li><strong>Thanh To\u00e1n Linh Ho\u1ea1t:<\/strong> H\u1ed7 tr\u1ee3 c\u1ea3 thanh to\u00e1n online v\u00e0 offline. V\u1edbi thanh to\u00e1n online, qu\u00e1 tr\u00ecnh \u0111\u1eb7t xe tr\u1edf n\u00ean t\u1ef1 \u0111\u1ed9ng h\u01a1n: x\u00e1c nh\u1eadn thanh to\u00e1n v\u00e0 v\u00e9 \u0111\u01b0\u1ee3c th\u1ef1c hi\u1ec7n ngay l\u1eadp t\u1ee9c, gi\u00fap gi\u1ea3m thi\u1ec3u th\u1eddi gian ch\u1edd \u0111\u1ee3i v\u00e0 c\u1ea3i thi\u1ec7n tr\u1ea3i nghi\u1ec7m ng\u01b0\u1eddi d\u00f9ng.<\/li>\n<li><strong>C\u00e0i \u0111\u1eb7t c\u00e1c tuy\u1ebfn c\u1ed1 \u0111\u1ecbnh<\/strong>: C\u00e1c tuy\u1ebfn c\u1ed1 d\u1ecbnh v\u1edbi gi\u00e1 \u0111\u01b0\u1ee3c \u0111\u1ecbnh s\u1eb5n \u0111\u01b0\u1ee3c th\u00eam v\u00e0o, ph\u00f9 h\u1ee3p v\u1edbi c\u00e1c nh\u00e0 xa c\u00f3 c\u00e1c tuy\u1ebfn xe c\u1ed1 \u0111\u1ecbnh. Trong m\u1ed7i tuy\u1ebfn c\u1ed1 \u0111\u00ecnh, s\u1ebd c\u00f3 c\u00e1c lo\u1ea1i d\u1ecbch v\u1ee5 kh\u00e1c nhau: thu\u00ea xe, gh\u00e9p xe v\u00e0 g\u1eedi \u0111\u00f2.<\/li>\n<\/ul>\n<h4><strong>Qu\u1ea3n Tr\u1ecb Hi\u1ec7u Qu\u1ea3:<\/strong><\/h4>\n<ul>\n<li><strong>Qu\u1ea3n Tr\u1ecb \u0110\u1eb7t Xe:<\/strong> D\u1ec5 d\u00e0ng theo d\u00f5i v\u00e0 qu\u1ea3n l\u00fd c\u00e1c y\u00eau c\u1ea7u \u0111\u1eb7t xe c\u1ee7a kh\u00e1ch h\u00e0ng, \u0111\u1ea3m b\u1ea3o m\u1ecdi \u0111\u01a1n h\u00e0ng \u0111\u01b0\u1ee3c x\u1eed l\u00fd nhanh ch\u00f3ng v\u00e0 hi\u1ec7u qu\u1ea3.<\/li>\n<li><strong>Qu\u1ea3n Tr\u1ecb Ph\u01b0\u01a1ng Ti\u1ec7n v\u00e0 Gi\u00e1:<\/strong> Tinh ch\u1ec9nh gi\u00e1 cho t\u1eebng lo\u1ea1i ph\u01b0\u01a1ng ti\u1ec7n v\u00e0 qu\u1ea3n l\u00fd m\u1ee9c gi\u00e1 chung c\u1ee7a h\u1ec7 th\u1ed1ng. \u0110\u1ea3m b\u1ea3o t\u00ednh linh ho\u1ea1t v\u00e0 s\u1ef1 ch\u00ednh x\u00e1c trong vi\u1ec7c thi\u1ebft l\u1eadp gi\u00e1 c\u1ea3 d\u1ecbch v\u1ee5.<\/li>\n<li><strong>Qu\u1ea3n Tr\u1ecb \u0110\u1ecba \u0110i\u1ec3m:<\/strong> Qu\u1ea3n l\u00fd c\u00e1c \u0111\u1ecba \u0111i\u1ec3m c\u1ee5 th\u1ec3 \u0111\u1ec3 kh\u00e1ch h\u00e0ng c\u00f3 th\u1ec3 nhanh ch\u00f3ng ch\u1ecdn \u0111\u1ecba ch\u1ec9 ch\u00ednh x\u00e1c m\u00e0 kh\u00f4ng c\u1ea7n d\u00f2 t\u00ecm tr\u00ean b\u1ea3n \u0111\u1ed3, gi\u00fap gi\u1ea3m thi\u1ec3u th\u1eddi gian v\u00e0 n\u00e2ng cao tr\u1ea3i nghi\u1ec7m ng\u01b0\u1eddi d\u00f9ng.<\/li>\n<li><strong>Qu\u1ea3n Tr\u1ecb Tuy\u1ebfn c\u1ed1 \u0111inh:<\/strong> Qu\u1ea3n l\u00fd c\u00e1c tuy\u1ebfn c\u1ed1 d\u1ecbnh v\u1edbi gi\u00e1 \u0111\u01b0\u1ee3c \u0111\u1ecbnh s\u1eb5n: N\u01a1i \u0111\u1ebfn, n\u1edbi \u0111i, gi\u00e1 c\u1ea3 &#8230;<\/li>\n<li><strong>Qu\u1ea3n Tr\u1ecb T\u00f9y Ch\u1ecdn v\u00e0 Thanh To\u00e1n:<\/strong> Theo d\u00f5i c\u00e1c t\u00f9y ch\u1ecdn d\u1ecbch v\u1ee5 v\u00e0 ph\u01b0\u01a1ng th\u1ee9c thanh to\u00e1n, \u0111\u1ea3m b\u1ea3o m\u1ecdi y\u1ebfu t\u1ed1 li\u00ean quan \u0111\u1ebfn \u0111\u1eb7t xe v\u00e0 thanh to\u00e1n \u0111\u01b0\u1ee3c x\u1eed l\u00fd m\u1ed9t c\u00e1ch tr\u01a1n tru.<\/li>\n<\/ul>\n<hr \/>\n<p><strong>V\u1edbi Plugin \u0110\u1eb7t Xe Online, b\u1ea1n kh\u00f4ng ch\u1ec9 cung c\u1ea5p cho kh\u00e1ch h\u00e0ng m\u1ed9t c\u00f4ng c\u1ee5 \u0111\u1eb7t xe d\u1ec5 d\u00e0ng v\u00e0 hi\u1ec7u qu\u1ea3 m\u00e0 c\u00f2n n\u00e2ng cao tr\u1ea3i nghi\u1ec7m v\u00e0 s\u1ef1 h\u00e0i l\u00f2ng c\u1ee7a h\u1ecd. \u0110\u1eebng b\u1ecf l\u1ee1 c\u01a1 h\u1ed9i c\u1ea3i thi\u1ec7n d\u1ecbch v\u1ee5 c\u1ee7a b\u1ea1n ngay h\u00f4m nay!<\/strong><\/p>\n<\/div>\n","protected":false},"excerpt":{"rendered":"<ol>\n<li><span style=\"color: #000000;\"><strong><span style=\"background-color: #50b848;\"><span style=\"color: #ffffff;\"><span style=\"color: #000000; background-color: #ffffff;\">Demo: <\/span><\/span><\/span><a style=\"color: #000000;\" href=\"https:\/\/webs.io.vn\/plugin-tinh-cuoc-taxi-1\/\" target=\"_blank\" rel=\"noopener\"><span style=\"background-color: #50b848;\"><span style=\"color: #ffffff;\">Giao di\u1ec7n<\/span><\/span><\/a><\/strong><\/span> (D\u00f9ng OpenStreetMap)<\/li>\n<li><strong><span style=\"background-color: #0000ff;\"><span style=\"color: #ffffff;\"><span style=\"color: #000000;\"><span style=\"background-color: #50b848;\"><span style=\"color: #000000; background-color: #ffffff;\">Demo: <\/span><\/span><\/span><\/span><\/span><\/strong><a href=\"https:\/\/webs.io.vn\/plugin-tinh-cuoc-taxi-2\" target=\"_blank\" rel=\"noopener\"><strong><span style=\"background-color: #0000ff;\"><span style=\"color: #ffffff;\">Giao di\u1ec7n<\/span><\/span><\/strong><\/a> (D\u00f9ng Google Maps)<\/li>\n<li><strong style=\"color: #555555;\"><span style=\"color: #000000;\"><strong><span style=\"background-color: #50b848;\"><span style=\"color: #ffffff;\"><span style=\"color: #000000; background-color: #ffffff;\">Demo: <\/span><\/span><\/span><\/strong><\/span><a href=\"https:\/\/webs.io.vn\/plugin-tinh-cuoc-taxi-1\/wp-login.php\" target=\"_blank\" rel=\"noopener\">Qu\u1ea3n l\u00fd<\/a><\/strong><\/li>\n<\/ol>\n<p style=\"padding-left: 40px;\"><strong><span style=\"color: #c0c0c0;\">User: <span style=\"color: #ed1c24;\">taxidriver<\/span><\/span><\/strong><br \/>\n<strong><span style=\"color: #c0c0c0;\">Pass: <span style=\"color: #ed1c24;\">4ZetxR3SM!4tw3QFtlpy<\/span><\/span><\/strong><\/p>\n<p><span style=\"color: #ff00ff; font-size: 120%;\">(Demo s\u1ebd t\u1ef1 \u0111\u1ed9ng reset sau m\u1ed7i gi\u1edd)<\/span><\/p>\n<p>&nbsp;<\/p>\n<p><strong>Plugin y\u00eau c\u1ea7u c\u1ea7n c\u00f3<\/strong><\/p>\n<ul>\n<li>B\u1eaft bu\u1ed9c c\u1ea7n License \u0111\u1ec3 ho\u1ea1t \u0111\u1ed9ng<\/li>\n<li>B\u1eaft bu\u1ed9c hosting v\u00e0 vps ph\u1ea3i k\u00edch ho\u1ea1t ioncube Extension<\/li>\n<li>Phi\u00ean b\u1ea3n PHP &gt;= 8.1 (khuy\u1ebfn c\u00e1o 8.3)<\/li>\n<li>Phi\u00ean b\u1ea3n d\u00f9ng Google Maps, y\u00eau c\u1ea7u API Key<\/li>\n<\/ul>\n<p><span style=\"color: #ff00ff; font-size: 120%;\">\u00a0<\/span><\/p>\n","protected":false},"featured_media":161,"comment_status":"open","ping_status":"closed","template":"","meta":[],"product_brand":[],"product_cat":[15],"product_tag":[19,22,20,21],"class_list":{"0":"post-13","1":"product","2":"type-product","3":"status-publish","4":"has-post-thumbnail","6":"product_cat-uncategorized","7":"product_tag-dat-xe","8":"product_tag-plugin-tinh-gia-taxi","9":"product_tag-tinh-gia-taxi","10":"product_tag-tinh-quang-duong","12":"first","13":"instock","14":"shipping-taxable","15":"purchasable","16":"product-type-variable"},"_links":{"self":[{"href":"https:\/\/thietkewebphumy.com\/demo\/index.php?rest_route=\/wp\/v2\/product\/13","targetHints":{"allow":["GET"]}}],"collection":[{"href":"https:\/\/thietkewebphumy.com\/demo\/index.php?rest_route=\/wp\/v2\/product"}],"about":[{"href":"https:\/\/thietkewebphumy.com\/demo\/index.php?rest_route=\/wp\/v2\/types\/product"}],"replies":[{"embeddable":true,"href":"https:\/\/thietkewebphumy.com\/demo\/index.php?rest_route=%2Fwp%2Fv2%2Fcomments&post=13"}],"wp:featuredmedia":[{"embeddable":true,"href":"https:\/\/thietkewebphumy.com\/demo\/index.php?rest_route=\/wp\/v2\/media\/161"}],"wp:attachment":[{"href":"https:\/\/thietkewebphumy.com\/demo\/index.php?rest_route=%2Fwp%2Fv2%2Fmedia&parent=13"}],"wp:term":[{"taxonomy":"product_brand","embeddable":true,"href":"https:\/\/thietkewebphumy.com\/demo\/index.php?rest_route=%2Fwp%2Fv2%2Fproduct_brand&post=13"},{"taxonomy":"product_cat","embeddable":true,"href":"https:\/\/thietkewebphumy.com\/demo\/index.php?rest_route=%2Fwp%2Fv2%2Fproduct_cat&post=13"},{"taxonomy":"product_tag","embeddable":true,"href":"https:\/\/thietkewebphumy.com\/demo\/index.php?rest_route=%2Fwp%2Fv2%2Fproduct_tag&post=13"}],"curies":[{"name":"wp","href":"https:\/\/api.w.org\/{rel}","templated":true}]}}